{"id":97,"date":"2025-11-14T08:13:13","date_gmt":"2025-11-14T08:13:13","guid":{"rendered":"https:\/\/talyaweb.com\/tr\/websites\/"},"modified":"2025-12-19T01:43:07","modified_gmt":"2025-12-18T22:43:07","slug":"antalya-web-tasarim-hosting","status":"publish","type":"page","link":"https:\/\/talyaweb.com\/tr\/antalya-web-tasarim-hosting\/","title":{"rendered":"Web Tasar\u0131m &#038; Hosting"},"content":{"rendered":"\t\t<div data-elementor-type=\"wp-post\" data-elementor-id=\"97\" class=\"elementor elementor-97\" data-elementor-post-type=\"page\">\n\t\t\t\t<div class=\"elementor-element elementor-element-ea5c541 e-flex e-con-boxed e-con e-parent\" data-id=\"ea5c541\" data-element_type=\"container\" data-e-type=\"container\" data-settings=\"{&quot;background_background&quot;:&quot;classic&quot;}\">\n\t\t\t\t\t<div class=\"e-con-inner\">\n\t\t<div class=\"elementor-element elementor-element-658cd01 e-con-full e-flex e-con e-child\" data-id=\"658cd01\" data-element_type=\"container\" data-e-type=\"container\">\n\t\t\t\t<div class=\"elementor-element elementor-element-ee1df8c elementor-widget elementor-widget-heading\" data-id=\"ee1df8c\" data-element_type=\"widget\" data-e-type=\"widget\" data-widget_type=\"heading.default\">\n\t\t\t\t\t\t<div class=\"elementor-widget-container\">\n\t\t\t\t\t<h1 class=\"elementor-heading-title elementor-size-default\">Antalya Web Tasar\u0131m ve Hosting \u00c7\u00f6z\u00fcmleri<\/h1>\t\t\t\t<\/div>\n\t\t\t\t<\/div>\n\t\t\t\t<div class=\"elementor-element elementor-element-f74b0ef elementor-widget elementor-widget-text-editor\" data-id=\"f74b0ef\" data-element_type=\"widget\" data-e-type=\"widget\" data-widget_type=\"text-editor.default\">\n\t\t\t\t\t\t<div class=\"elementor-widget-container\">\n\t\t\t\t\t\t\t\t\t<p>\u0130\u015fletmeniz \u0130\u00e7in Modern, H\u0131zl\u0131 ve Sorunsuz Web \u00c7\u00f6z\u00fcmleri<\/p>\t\t\t\t\t\t\t\t<\/div>\n\t\t\t\t<\/div>\n\t\t\t\t<\/div>\n\t\t\t\t\t<\/div>\n\t\t\t\t<\/div>\n\t\t<div class=\"elementor-element elementor-element-e82a324 e-flex e-con-boxed e-con e-parent\" data-id=\"e82a324\" data-element_type=\"container\" data-e-type=\"container\" data-settings=\"{&quot;background_background&quot;:&quot;classic&quot;}\">\n\t\t\t\t\t<div class=\"e-con-inner\">\n\t\t<div class=\"elementor-element elementor-element-07526eb e-con-full e-flex e-con e-child\" data-id=\"07526eb\" data-element_type=\"container\" data-e-type=\"container\">\n\t\t<div class=\"elementor-element elementor-element-5c289d7 e-con-full e-flex e-con e-child\" data-id=\"5c289d7\" data-element_type=\"container\" data-e-type=\"container\">\n\t\t\t\t<div class=\"elementor-element elementor-element-16a7982 elementor-widget elementor-widget-image\" data-id=\"16a7982\" data-element_type=\"widget\" data-e-type=\"widget\" data-widget_type=\"image.default\">\n\t\t\t\t\t\t<div class=\"elementor-widget-container\">\n\t\t\t\t\t\t\t\t\t\t\t\t\t\t\t<img fetchpriority=\"high\" decoding=\"async\" width=\"825\" height=\"1024\" src=\"https:\/\/i0.wp.com\/talyaweb.com\/tr\/wp-content\/uploads\/2025\/11\/Antalya-Web-Tasarim-Ornegi.png?fit=825%2C1024&amp;ssl=1\" class=\"attachment-large size-large wp-image-5351\" alt=\"Antalya Web Tasar\u0131m \u00d6rne\u011fi\" srcset=\"https:\/\/i0.wp.com\/talyaweb.com\/tr\/wp-content\/uploads\/2025\/11\/Antalya-Web-Tasarim-Ornegi.png?w=1856&amp;ssl=1 1856w, https:\/\/i0.wp.com\/talyaweb.com\/tr\/wp-content\/uploads\/2025\/11\/Antalya-Web-Tasarim-Ornegi.png?resize=242%2C300&amp;ssl=1 242w, https:\/\/i0.wp.com\/talyaweb.com\/tr\/wp-content\/uploads\/2025\/11\/Antalya-Web-Tasarim-Ornegi.png?resize=825%2C1024&amp;ssl=1 825w, https:\/\/i0.wp.com\/talyaweb.com\/tr\/wp-content\/uploads\/2025\/11\/Antalya-Web-Tasarim-Ornegi.png?resize=768%2C953&amp;ssl=1 768w, https:\/\/i0.wp.com\/talyaweb.com\/tr\/wp-content\/uploads\/2025\/11\/Antalya-Web-Tasarim-Ornegi.png?resize=1237%2C1536&amp;ssl=1 1237w, https:\/\/i0.wp.com\/talyaweb.com\/tr\/wp-content\/uploads\/2025\/11\/Antalya-Web-Tasarim-Ornegi.png?resize=1650%2C2048&amp;ssl=1 1650w\" sizes=\"(max-width: 825px) 100vw, 825px\" \/>\t\t\t\t\t\t\t\t\t\t\t\t\t\t\t<\/div>\n\t\t\t\t<\/div>\n\t\t\t\t<\/div>\n\t\t<div class=\"elementor-element elementor-element-f3c4683 e-flex e-con-boxed e-con e-child\" data-id=\"f3c4683\" data-element_type=\"container\" data-e-type=\"container\">\n\t\t\t\t\t<div class=\"e-con-inner\">\n\t\t<div class=\"elementor-element elementor-element-c7474c6 e-con-full e-flex e-con e-child\" data-id=\"c7474c6\" data-element_type=\"container\" data-e-type=\"container\">\n\t\t\t\t<div class=\"elementor-element elementor-element-c01fefe elementor-widget elementor-widget-heading\" data-id=\"c01fefe\" data-element_type=\"widget\" data-e-type=\"widget\" data-widget_type=\"heading.default\">\n\t\t\t\t\t\t<div class=\"elementor-widget-container\">\n\t\t\t\t\t<h5 class=\"elementor-heading-title elementor-size-default\">Alan ad\u0131, bar\u0131nd\u0131rma ve tasar\u0131m tek bir pakette. Siz i\u015finize odaklan\u0131n, teknik detaylar\u0131 bize b\u0131rak\u0131n.<\/h5>\t\t\t\t<\/div>\n\t\t\t\t<\/div>\n\t\t\t\t<div class=\"elementor-element elementor-element-4cd2a91 elementor-widget-divider--view-line elementor-widget elementor-widget-divider\" data-id=\"4cd2a91\" data-element_type=\"widget\" data-e-type=\"widget\" data-widget_type=\"divider.default\">\n\t\t\t\t\t\t<div class=\"elementor-widget-container\">\n\t\t\t\t\t\t\t<div class=\"elementor-divider\">\n\t\t\t<span class=\"elementor-divider-separator\">\n\t\t\t\t\t\t<\/span>\n\t\t<\/div>\n\t\t\t\t\t\t<\/div>\n\t\t\t\t<\/div>\n\t\t\t\t<div class=\"elementor-element elementor-element-b1a9ddf elementor-widget elementor-widget-text-editor\" data-id=\"b1a9ddf\" data-element_type=\"widget\" data-e-type=\"widget\" data-widget_type=\"text-editor.default\">\n\t\t\t\t\t\t<div class=\"elementor-widget-container\">\n\t\t\t\t\t\t\t\t\t<p>\u0130\u015fletmenizin dijital d\u00fcnyadaki y\u00fcz\u00fc olan web sitenizi, en g\u00fcncel <a href=\"https:\/\/tr.wordpress.org\/\" target=\"_blank\" rel=\"noopener\">WordPress<\/a> altyap\u0131s\u0131 ile tasarl\u0131yoruz. Sadece \u015f\u0131k bir tasar\u0131m de\u011fil, \u00e7al\u0131\u015fan bir sistem sunuyoruz.<\/p><p>Talyaweb olarak <b>Antalya web tasar\u0131m<\/b> sekt\u00f6r\u00fcnde anahtar teslim \u00e7\u00f6z\u00fcmler sunuyoruz.<\/p>\t\t\t\t\t\t\t\t<\/div>\n\t\t\t\t<\/div>\n\t\t\t\t<div class=\"elementor-element elementor-element-ca1a17b elementor-widget-divider--view-line elementor-widget elementor-widget-divider\" data-id=\"ca1a17b\" data-element_type=\"widget\" data-e-type=\"widget\" data-widget_type=\"divider.default\">\n\t\t\t\t\t\t<div class=\"elementor-widget-container\">\n\t\t\t\t\t\t\t<div class=\"elementor-divider\">\n\t\t\t<span class=\"elementor-divider-separator\">\n\t\t\t\t\t\t<\/span>\n\t\t<\/div>\n\t\t\t\t\t\t<\/div>\n\t\t\t\t<\/div>\n\t\t\t\t<div class=\"elementor-element elementor-element-df0c6de elementor-widget elementor-widget-text-editor\" data-id=\"df0c6de\" data-element_type=\"widget\" data-e-type=\"widget\" data-widget_type=\"text-editor.default\">\n\t\t\t\t\t\t<div class=\"elementor-widget-container\">\n\t\t\t\t\t\t\t\t\t<ul><li><p data-path-to-node=\"7,0,0\"><b>Anahtar Teslim Hizmet:<\/b> Domain (alan ad\u0131) tescili ve Hosting (bar\u0131nd\u0131rma) i\u015flemlerinizi biz yap\u0131yoruz. Y\u0131ll\u0131k takip derdiniz olmaz.<\/p><\/li><li><p data-path-to-node=\"7,1,0\"><b>Mobil Uyumlu Tasar\u0131m:<\/b> Siteniz telefon, tablet ve bilgisayarlarda kusursuz g\u00f6r\u00fcn\u00fcr.<\/p><\/li><li><p data-path-to-node=\"7,2,0\"><b>Y\u00f6netim Paneli:<\/b> Sitenizi g\u00fcncellemek istedi\u011finizde kullanabilece\u011finiz kolay T\u00fcrk\u00e7e panel.<\/p><\/li><li><p data-path-to-node=\"7,3,0\"><b>Google Dostu:<\/b> Arama motorlar\u0131nda bulunabilir olman\u0131z i\u00e7in gerekli temel SEO altyap\u0131s\u0131.<\/p><\/li><\/ul>\t\t\t\t\t\t\t\t<\/div>\n\t\t\t\t<\/div>\n\t\t\t\t<\/div>\n\t\t\t\t\t<\/div>\n\t\t\t\t<\/div>\n\t\t\t\t<\/div>\n\t\t\t\t\t<\/div>\n\t\t\t\t<\/div>\n\t\t<div class=\"elementor-element elementor-element-b5fa5c8 e-flex e-con-boxed e-con e-parent\" data-id=\"b5fa5c8\" data-element_type=\"container\" data-e-type=\"container\" data-settings=\"{&quot;background_background&quot;:&quot;classic&quot;}\">\n\t\t\t\t\t<div class=\"e-con-inner\">\n\t\t<div class=\"elementor-element elementor-element-27bcdb3 e-con-full e-flex e-con e-child\" data-id=\"27bcdb3\" data-element_type=\"container\" data-e-type=\"container\">\n\t\t\t\t<div class=\"elementor-element elementor-element-c1d8cca elementor-widget elementor-widget-spacer\" data-id=\"c1d8cca\" data-element_type=\"widget\" data-e-type=\"widget\" data-widget_type=\"spacer.default\">\n\t\t\t\t\t\t<div class=\"elementor-widget-container\">\n\t\t\t\t\t\t\t<div class=\"elementor-spacer\">\n\t\t\t<div class=\"elementor-spacer-inner\"><\/div>\n\t\t<\/div>\n\t\t\t\t\t\t<\/div>\n\t\t\t\t<\/div>\n\t\t\t\t<div class=\"elementor-element elementor-element-10e511e elementor-widget-divider--view-line elementor-widget elementor-widget-divider\" data-id=\"10e511e\" data-element_type=\"widget\" data-e-type=\"widget\" data-widget_type=\"divider.default\">\n\t\t\t\t\t\t<div class=\"elementor-widget-container\">\n\t\t\t\t\t\t\t<div class=\"elementor-divider\">\n\t\t\t<span class=\"elementor-divider-separator\">\n\t\t\t\t\t\t<\/span>\n\t\t<\/div>\n\t\t\t\t\t\t<\/div>\n\t\t\t\t<\/div>\n\t\t\t\t<div class=\"elementor-element elementor-element-9a8f549 elementor-widget elementor-widget-heading\" data-id=\"9a8f549\" data-element_type=\"widget\" data-e-type=\"widget\" data-widget_type=\"heading.default\">\n\t\t\t\t\t\t<div class=\"elementor-widget-container\">\n\t\t\t\t\t<h2 class=\"elementor-heading-title elementor-size-default\">WordPress \u015eablonlar\u0131na G\u00f6z At\u0131n<\/h2>\t\t\t\t<\/div>\n\t\t\t\t<\/div>\n\t\t\t\t<div class=\"elementor-element elementor-element-d39964b elementor-widget elementor-widget-text-editor\" data-id=\"d39964b\" data-element_type=\"widget\" data-e-type=\"widget\" data-widget_type=\"text-editor.default\">\n\t\t\t\t\t\t<div class=\"elementor-widget-container\">\n\t\t\t\t\t\t\t\t\t<p>\u0130\u015fletmenize \u00f6zel binlerce \u015fablondan birisiyle hemen ba\u015flay\u0131n. H\u0131zl\u0131, g\u00fcvenli, y\u00f6netilebilir, seo dostu.<\/p>\t\t\t\t\t\t\t\t<\/div>\n\t\t\t\t<\/div>\n\t\t\t\t<div class=\"elementor-element elementor-element-ecb15b4 elementor-align-center elementor-widget elementor-widget-button\" data-id=\"ecb15b4\" data-element_type=\"widget\" data-e-type=\"widget\" data-widget_type=\"button.default\">\n\t\t\t\t\t\t<div class=\"elementor-widget-container\">\n\t\t\t\t\t\t\t\t\t<div class=\"elementor-button-wrapper\">\n\t\t\t\t\t<a class=\"elementor-button elementor-button-link elementor-size-md elementor-animation-float\" href=\"https:\/\/talyaweb.com\/tr\/iletisim\/\">\n\t\t\t\t\t\t<span class=\"elementor-button-content-wrapper\">\n\t\t\t\t\t\t\t\t\t<span class=\"elementor-button-text\">Hemen Teklif Al\u0131n<\/span>\n\t\t\t\t\t<\/span>\n\t\t\t\t\t<\/a>\n\t\t\t\t<\/div>\n\t\t\t\t\t\t\t\t<\/div>\n\t\t\t\t<\/div>\n\t\t\t\t<div class=\"elementor-element elementor-element-d7d275d elementor-widget elementor-widget-spacer\" data-id=\"d7d275d\" data-element_type=\"widget\" data-e-type=\"widget\" data-widget_type=\"spacer.default\">\n\t\t\t\t\t\t<\/div>\n\t\t\t\t<\/div>\n\t\t\t\t\t<\/div>\n\t\t\t\t<\/div>\n\t\t\t\t<\/div>\n\t\t","protected":false},"excerpt":{"rendered":"<p>Antalya Web Tasar\u0131m ve Hosting \u00c7\u00f6z\u00fcmleri \u0130\u015fletmeniz \u0130\u00e7in Modern, H\u0131zl\u0131 ve Sorunsuz Web \u00c7\u00f6z\u00fcmleri Alan ad\u0131, bar\u0131nd\u0131rma ve tasar\u0131m tek bir pakette. Siz i\u015finize odaklan\u0131n, teknik detaylar\u0131 bize b\u0131rak\u0131n. \u0130\u015fletmenizin dijital d\u00fcnyadaki y\u00fcz\u00fc olan web sitenizi, en g\u00fcncel WordPress altyap\u0131s\u0131 ile tasarl\u0131yoruz. Sadece \u015f\u0131k bir tasar\u0131m de\u011fil, \u00e7al\u0131\u015fan bir sistem sunuyoruz. Talyaweb olarak Antalya web [&hellip;]<\/p>\n","protected":false},"author":1,"featured_media":0,"parent":0,"menu_order":0,"comment_status":"closed","ping_status":"closed","template":"","meta":{"site-sidebar-layout":"no-sidebar","site-content-layout":"page-builder","ast-site-content-layout":"full-width-container","site-content-style":"unboxed","site-sidebar-style":"unboxed","ast-global-header-display":"","ast-banner-title-visibility":"","ast-main-header-display":"","ast-hfb-above-header-display":"","ast-hfb-below-header-display":"","ast-hfb-mobile-header-display":"","site-post-title":"disabled","ast-breadcrumbs-content":"","ast-featured-img":"disabled","footer-sml-layout":"","ast-disable-related-posts":"","theme-transparent-header-meta":"enabled","adv-header-id-meta":"","stick-header-meta":"","header-above-stick-meta":"","header-main-stick-meta":"","header-below-stick-meta":"","astra-migrate-meta-layouts":"set","ast-page-background-enabled":"default","ast-page-background-meta":{"desktop":{"background-color":"","background-image":"","background-repeat":"repeat","background-position":"center center","background-size":"auto","background-attachment":"scroll","background-type":"","background-media":"","overlay-type":"","overlay-color":"","overlay-opacity":"","overlay-gradient":""},"tablet":{"background-color":"","background-image":"","background-repeat":"repeat","background-position":"center center","background-size":"auto","background-attachment":"scroll","background-type":"","background-media":"","overlay-type":"","overlay-color":"","overlay-opacity":"","overlay-gradient":""},"mobile":{"background-color":"","background-image":"","background-repeat":"repeat","background-position":"center center","background-size":"auto","background-attachment":"scroll","background-type":"","background-media":"","overlay-type":"","overlay-color":"","overlay-opacity":"","overlay-gradient":""}},"ast-content-background-meta":{"desktop":{"background-color":"var(--ast-global-color-5)","background-image":"","background-repeat":"repeat","background-position":"center center","background-size":"auto","background-attachment":"scroll","background-type":"","background-media":"","overlay-type":"","overlay-color":"","overlay-opacity":"","overlay-gradient":""},"tablet":{"background-color":"var(--ast-global-color-5)","background-image":"","background-repeat":"repeat","background-position":"center center","background-size":"auto","background-attachment":"scroll","background-type":"","background-media":"","overlay-type":"","overlay-color":"","overlay-opacity":"","overlay-gradient":""},"mobile":{"background-color":"var(--ast-global-color-5)","background-image":"","background-repeat":"repeat","background-position":"center center","background-size":"auto","background-attachment":"scroll","background-type":"","background-media":"","overlay-type":"","overlay-color":"","overlay-opacity":"","overlay-gradient":""}},"footnotes":""},"class_list":["post-97","page","type-page","status-publish","hentry"],"jetpack_sharing_enabled":false,"jetpack_shortlink":"https:\/\/wp.me\/PgVf7x-1z","_links":{"self":[{"href":"https:\/\/talyaweb.com\/tr\/wp-json\/wp\/v2\/pages\/97","targetHints":{"allow":["GET"]}}],"collection":[{"href":"https:\/\/talyaweb.com\/tr\/wp-json\/wp\/v2\/pages"}],"about":[{"href":"https:\/\/talyaweb.com\/tr\/wp-json\/wp\/v2\/types\/page"}],"author":[{"embeddable":true,"href":"https:\/\/talyaweb.com\/tr\/wp-json\/wp\/v2\/users\/1"}],"replies":[{"embeddable":true,"href":"https:\/\/talyaweb.com\/tr\/wp-json\/wp\/v2\/comments?post=97"}],"version-history":[{"count":27,"href":"https:\/\/talyaweb.com\/tr\/wp-json\/wp\/v2\/pages\/97\/revisions"}],"predecessor-version":[{"id":5378,"href":"https:\/\/talyaweb.com\/tr\/wp-json\/wp\/v2\/pages\/97\/revisions\/5378"}],"wp:attachment":[{"href":"https:\/\/talyaweb.com\/tr\/wp-json\/wp\/v2\/media?parent=97"}],"curies":[{"name":"wp","href":"https:\/\/api.w.org\/{rel}","templated":true}]}}