{"id":164,"date":"2025-11-14T08:13:13","date_gmt":"2025-11-14T08:13:13","guid":{"rendered":"https:\/\/talyaweb.com\/tr\/contact\/"},"modified":"2025-11-25T00:34:49","modified_gmt":"2025-11-24T21:34:49","slug":"iletisim","status":"publish","type":"page","link":"https:\/\/talyaweb.com\/tr\/iletisim\/","title":{"rendered":"\u0130leti\u015fim"},"content":{"rendered":"\t\t<div data-elementor-type=\"wp-post\" data-elementor-id=\"164\" class=\"elementor elementor-164\" data-elementor-post-type=\"page\">\n\t\t\t\t<div class=\"elementor-element elementor-element-09360e7 e-flex e-con-boxed e-con e-parent\" data-id=\"09360e7\" data-element_type=\"container\" data-e-type=\"container\" data-settings=\"{&quot;background_background&quot;:&quot;classic&quot;}\">\n\t\t\t\t\t<div class=\"e-con-inner\">\n\t\t<div class=\"elementor-element elementor-element-68c0a36 e-con-full e-flex e-con e-child\" data-id=\"68c0a36\" data-element_type=\"container\" data-e-type=\"container\">\n\t\t\t\t<div class=\"elementor-element elementor-element-16517ee elementor-widget elementor-widget-heading\" data-id=\"16517ee\" data-element_type=\"widget\" data-e-type=\"widget\" data-widget_type=\"heading.default\">\n\t\t\t\t\t\t<div class=\"elementor-widget-container\">\n\t\t\t\t\t<h1 class=\"elementor-heading-title elementor-size-default\">Projenizi Birlikte Hayata Ge\u00e7irelim<\/h1>\t\t\t\t<\/div>\n\t\t\t\t<\/div>\n\t\t\t\t<div class=\"elementor-element elementor-element-427c7a7 elementor-invisible elementor-widget elementor-widget-text-editor\" data-id=\"427c7a7\" data-element_type=\"widget\" data-e-type=\"widget\" data-settings=\"{&quot;_animation&quot;:&quot;fadeInDown&quot;}\" data-widget_type=\"text-editor.default\">\n\t\t\t\t\t\t<div class=\"elementor-widget-container\">\n\t\t\t\t\t\t\t\t\t<p>Akl\u0131n\u0131zda yeni bir web sitesi fikri, sosyal medya hedefleri veya yapay zeka projeleri mi var? Sorular\u0131n\u0131z\u0131 yan\u0131tlamak ve size \u00f6zel \u00e7\u00f6z\u00fcmler sunmak i\u00e7in buraday\u0131z.<\/p>\t\t\t\t\t\t\t\t<\/div>\n\t\t\t\t<\/div>\n\t\t\t\t<\/div>\n\t\t\t\t\t<\/div>\n\t\t\t\t<\/div>\n\t\t<div class=\"elementor-element elementor-element-f353f0f e-flex e-con-boxed e-con e-parent\" data-id=\"f353f0f\" data-element_type=\"container\" data-e-type=\"container\" data-settings=\"{&quot;background_background&quot;:&quot;classic&quot;}\">\n\t\t\t\t\t<div class=\"e-con-inner\">\n\t\t<div class=\"elementor-element elementor-element-faedb4e e-con-full e-flex e-con e-child\" data-id=\"faedb4e\" data-element_type=\"container\" data-e-type=\"container\">\n\t\t\t\t<div class=\"elementor-element elementor-element-ee4bbed elementor-widget elementor-widget-heading\" data-id=\"ee4bbed\" data-element_type=\"widget\" data-e-type=\"widget\" data-widget_type=\"heading.default\">\n\t\t\t\t\t\t<div class=\"elementor-widget-container\">\n\t\t\t\t\t<h2 class=\"elementor-heading-title elementor-size-default\">Bize mesaj g\u00f6nderin<\/h2>\t\t\t\t<\/div>\n\t\t\t\t<\/div>\n\t\t\t\t<div class=\"elementor-element elementor-element-687393f elementor-widget-divider--view-line elementor-widget elementor-widget-divider\" data-id=\"687393f\" data-element_type=\"widget\" data-e-type=\"widget\" data-widget_type=\"divider.default\">\n\t\t\t\t\t\t<div class=\"elementor-widget-container\">\n\t\t\t\t\t\t\t<div class=\"elementor-divider\">\n\t\t\t<span class=\"elementor-divider-separator\">\n\t\t\t\t\t\t<\/span>\n\t\t<\/div>\n\t\t\t\t\t\t<\/div>\n\t\t\t\t<\/div>\n\t\t<div class=\"elementor-element elementor-element-7d31b9f e-con-full e-flex e-con e-child\" data-id=\"7d31b9f\" data-element_type=\"container\" data-e-type=\"container\">\n\t\t<div class=\"elementor-element elementor-element-d140e98 e-con-full e-flex e-con e-child\" data-id=\"d140e98\" data-element_type=\"container\" data-e-type=\"container\">\n\t\t\t\t<div class=\"elementor-element elementor-element-2626991 elementor-widget elementor-widget-shortcode\" data-id=\"2626991\" data-element_type=\"widget\" data-e-type=\"widget\" data-widget_type=\"shortcode.default\">\n\t\t\t\t\t\t<div class=\"elementor-widget-container\">\n\t\t\t\t\t\t\t<div class=\"elementor-shortcode\"><div id=\"quform-d2a5e0\" class=\"quform quform-2 quform-theme-light quform-support-page-caching\"><form id=\"quform-form-d2a5e0\" class=\"quform-form quform-form-2\" action=\"\/tr\/wp-json\/wp\/v2\/pages\/164#quform-d2a5e0\" method=\"post\" enctype=\"multipart\/form-data\" novalidate=\"novalidate\" data-options=\"{&quot;id&quot;:2,&quot;uniqueId&quot;:&quot;d2a5e0&quot;,&quot;theme&quot;:&quot;light&quot;,&quot;ajax&quot;:true,&quot;logic&quot;:{&quot;logic&quot;:[],&quot;dependents&quot;:[],&quot;elementIds&quot;:[],&quot;dependentElementIds&quot;:[],&quot;animate&quot;:true},&quot;currentPageId&quot;:1,&quot;errorsIcon&quot;:&quot;&quot;,&quot;updateFancybox&quot;:true,&quot;hasPages&quot;:false,&quot;pages&quot;:[1],&quot;pageProgressType&quot;:&quot;numbers&quot;,&quot;tooltipsEnabled&quot;:true,&quot;tooltipClasses&quot;:&quot;qtip-quform-dark qtip-shadow&quot;,&quot;tooltipMy&quot;:&quot;left center&quot;,&quot;tooltipAt&quot;:&quot;right center&quot;,&quot;isRtl&quot;:false,&quot;scrollOffset&quot;:-50,&quot;scrollSpeed&quot;:800}\"><button class=\"quform-default-submit\" name=\"quform_submit\" type=\"submit\" value=\"submit\" aria-hidden=\"true\" tabindex=\"-1\"><\/button><div class=\"quform-form-inner quform-form-inner-2\"><input type=\"hidden\" name=\"quform_form_id\" value=\"2\" \/><input type=\"hidden\" name=\"quform_form_uid\" value=\"d2a5e0\" \/><input type=\"hidden\" name=\"quform_count\" value=\"1\" \/><input type=\"hidden\" name=\"form_url\" value=\"https:\/\/talyaweb.com\/tr\/wp-json\/wp\/v2\/pages\/164\" \/><input type=\"hidden\" name=\"referring_url\" value=\"\" \/><input type=\"hidden\" name=\"post_id\" value=\"\" \/><input type=\"hidden\" name=\"post_title\" value=\"\" \/><input type=\"hidden\" name=\"quform_current_page_id\" value=\"1\" \/><input type=\"hidden\" name=\"quform_loaded\" value=\"1778746677|bcd8b8df8f57ab9cee13e6d3b453248b\" \/><input type=\"hidden\" name=\"quform_csrf_token\" value=\"SrUl7YZJOaSKaQUaAYMoTjLuKIbTezqXfKeS3Pan\" \/><div class=\"quform-form-title-description\"><h2 class=\"quform-form-title\">\u0130leti\u015fim<\/h2><\/div><div class=\"quform-elements quform-elements-2 quform-cf quform-responsive-elements-phone-portrait\"><div class=\"quform-element quform-element-page quform-page-1 quform-page-2_1 quform-cf quform-group-style-plain quform-first-page quform-last-page quform-current-page\"><div class=\"quform-child-elements\"><div class=\"quform-element quform-element-name quform-element-2_4 quform-cf quform-element-optional\"><div class=\"quform-spacer\"><div class=\"quform-label quform-label-2_4\"><span class=\"quform-label-icon\"><i class=\"fa fa-user\"><\/i><\/span><label class=\"quform-label-text\" id=\"quform_2_4_d2a5e0_label\">\u0130sim<\/label><\/div><div class=\"quform-inner quform-inner-name quform-inner-2_4\"><div class=\"quform-input quform-input-name quform-input-2_4 quform-cf\"><div class=\"quform-element-row quform-2-columns quform-element-row-size-fixed quform-responsive-columns-phone-portrait\"><div class=\"quform-element-column\"><div class=\"quform-element quform-element-text quform-element-2_4_2 quform-cf quform-element-optional\"><div class=\"quform-spacer\"><div class=\"quform-inner quform-inner-text quform-inner-2_4_2\"><div class=\"quform-input quform-input-text quform-input-2_4_2 quform-cf\"><input type=\"text\" id=\"quform_2_4_2_d2a5e0\" name=\"quform_2_4[2]\" class=\"quform-field quform-field-text quform-field-2_4_2\" aria-labelledby=\"quform_2_4_d2a5e0_label quform_2_4_2_d2a5e0_sub_label_below\" \/><\/div><label id=\"quform_2_4_2_d2a5e0_sub_label_below\" class=\"quform-sub-label quform-sub-label-below\">Ad<\/label><\/div><\/div><\/div><\/div><div class=\"quform-element-column\"><div class=\"quform-element quform-element-text quform-element-2_4_4 quform-cf quform-element-optional\"><div class=\"quform-spacer\"><div class=\"quform-inner quform-inner-text quform-inner-2_4_4\"><div class=\"quform-input quform-input-text quform-input-2_4_4 quform-cf\"><input type=\"text\" id=\"quform_2_4_4_d2a5e0\" name=\"quform_2_4[4]\" class=\"quform-field quform-field-text quform-field-2_4_4\" aria-labelledby=\"quform_2_4_d2a5e0_label quform_2_4_4_d2a5e0_sub_label_below\" \/><\/div><label id=\"quform_2_4_4_d2a5e0_sub_label_below\" class=\"quform-sub-label quform-sub-label-below\">Soyad<\/label><\/div><\/div><\/div><\/div><\/div><\/div><\/div><\/div><\/div><div class=\"quform-element quform-element-row quform-element-row-2_15 quform-2-columns quform-element-row-size-fixed quform-responsive-columns-phone-portrait\"><div class=\"quform-element quform-element-column quform-element-2_16\"><div class=\"quform-element quform-element-email quform-element-2_5 quform-cf quform-element-required\"><div class=\"quform-spacer\"><div class=\"quform-label quform-label-2_5\"><span class=\"quform-label-icon\"><i class=\"fa fa-envelope\"><\/i><\/span><label class=\"quform-label-text\" for=\"quform_2_5_d2a5e0\">Email adresi<span class=\"quform-required\">*<\/span><\/label><\/div><div class=\"quform-inner quform-inner-email quform-inner-2_5\"><div class=\"quform-input quform-input-email quform-input-2_5 quform-cf\"><input type=\"email\" id=\"quform_2_5_d2a5e0\" name=\"quform_2_5\" class=\"quform-field quform-field-email quform-field-2_5\" \/><\/div><\/div><\/div><\/div><\/div><div class=\"quform-element quform-element-column quform-element-2_17\"><div class=\"quform-element quform-element-text quform-element-2_7 quform-cf quform-element-required\"><div class=\"quform-spacer\"><div class=\"quform-label quform-label-2_7\"><span class=\"quform-label-icon\"><i class=\"fa fa-phone\"><\/i><\/span><label class=\"quform-label-text\" for=\"quform_2_7_d2a5e0\">Telefon<span class=\"quform-required\">*<\/span><\/label><\/div><div class=\"quform-inner quform-inner-text quform-inner-2_7\"><div class=\"quform-input quform-input-text quform-input-2_7 quform-cf\"><input type=\"text\" id=\"quform_2_7_d2a5e0\" name=\"quform_2_7\" class=\"quform-field quform-field-text quform-field-2_7\" \/><\/div><\/div><\/div><\/div><\/div><\/div><div class=\"quform-element quform-element-checkbox quform-element-2_19 quform-cf quform-element-required\"><div class=\"quform-spacer\"><div class=\"quform-label quform-label-2_19\"><span class=\"quform-label-icon\"><i class=\"fa fa-check\"><\/i><\/span><label class=\"quform-label-text\" id=\"quform_2_19_d2a5e0_label\">Hizmetler<span class=\"quform-required\">*<\/span><\/label><\/div><div class=\"quform-inner quform-inner-checkbox quform-inner-2_19\"><div class=\"quform-input quform-input-checkbox quform-input-2_19 quform-cf\"><div class=\"quform-options quform-cf quform-options-columns quform-4-columns quform-responsive-columns-phone-landscape quform-options-style-button quform-button-style-hollow quform-button-icon-left\" role=\"group\" aria-labelledby=\"quform_2_19_d2a5e0_label\"><div class=\"quform-option\"><input type=\"checkbox\" name=\"quform_2_19[]\" id=\"quform_2_19_d2a5e0_1\" class=\"quform-field quform-field-checkbox quform-field-2_19 quform-field-2_19_1\" value=\"Web Sitesi Tasar\u0131m\u0131\" \/><label for=\"quform_2_19_d2a5e0_1\" class=\"quform-option-label quform-option-label-2_19_1\"><span class=\"quform-option-text\">Web Sitesi Tasar\u0131m\u0131<\/span><\/label><\/div><div class=\"quform-option\"><input type=\"checkbox\" name=\"quform_2_19[]\" id=\"quform_2_19_d2a5e0_2\" class=\"quform-field quform-field-checkbox quform-field-2_19 quform-field-2_19_2\" value=\"360\u00b0 Sanal Tur\" \/><label for=\"quform_2_19_d2a5e0_2\" class=\"quform-option-label quform-option-label-2_19_2\"><span class=\"quform-option-text\">360\u00b0 Sanal Tur<\/span><\/label><\/div><div class=\"quform-option\"><input type=\"checkbox\" name=\"quform_2_19[]\" id=\"quform_2_19_d2a5e0_3\" class=\"quform-field quform-field-checkbox quform-field-2_19 quform-field-2_19_3\" value=\"Sosyal Medya Y\u00f6netimi\" \/><label for=\"quform_2_19_d2a5e0_3\" class=\"quform-option-label quform-option-label-2_19_3\"><span class=\"quform-option-text\">Sosyal Medya Y\u00f6netimi<\/span><\/label><\/div><div class=\"quform-option\"><input type=\"checkbox\" name=\"quform_2_19[]\" id=\"quform_2_19_d2a5e0_4\" class=\"quform-field quform-field-checkbox quform-field-2_19 quform-field-2_19_4\" value=\"Ai G\u00f6rsel - Video Olu\u015fturma\" \/><label for=\"quform_2_19_d2a5e0_4\" class=\"quform-option-label quform-option-label-2_19_4\"><span class=\"quform-option-text\">Ai G\u00f6rsel - Video Olu\u015fturma<\/span><\/label><\/div><\/div><\/div><\/div><\/div><\/div><div class=\"quform-element quform-element-textarea quform-element-2_851706 quform-sr-only quform-cf\" style=\"clip: rect(1px, 1px, 1px, 1px); clip-path: inset(50%); position: absolute !important; height: 1px; width: 1px; overflow: hidden;\"><div class=\"quform-spacer\"><div class=\"quform-label quform-label-2_851706\"><label class=\"quform-label-text\" for=\"quform_2_851706_d2a5e0\">Website URL<span class=\"quform-required\">*<\/span><\/label><\/div><div class=\"quform-inner quform-inner-2_851706\"><textarea id=\"quform_2_851706_d2a5e0\" name=\"quform_2_851706\" class=\"quform-field quform-field-textarea quform-field-2_851706\" tabindex=\"-1\" autocomplete=\"new-password\"><\/textarea><\/div><\/div><\/div><div class=\"quform-element quform-element-textarea quform-element-2_6 quform-cf quform-element-required\"><div class=\"quform-spacer\"><div class=\"quform-label quform-label-2_6\"><span class=\"quform-label-icon\"><i class=\"fa fa-comment\"><\/i><\/span><label class=\"quform-label-text\" for=\"quform_2_6_d2a5e0\">Mesaj<span class=\"quform-required\">*<\/span><\/label><\/div><div class=\"quform-inner quform-inner-textarea quform-inner-2_6\"><div class=\"quform-input quform-input-textarea quform-input-2_6 quform-cf\"><textarea id=\"quform_2_6_d2a5e0\" name=\"quform_2_6\" class=\"quform-field quform-field-textarea quform-field-2_6\"><\/textarea><\/div><\/div><\/div><\/div><div class=\"quform-element quform-element-captcha quform-element-2_20 quform-cf quform-element-required\"><div class=\"quform-spacer\"><div class=\"quform-label quform-label-2_20\"><label class=\"quform-label-text\" for=\"quform_2_20_d2a5e0\">L\u00fctfen karakterleri yaz\u0131n<span class=\"quform-required\">*<\/span><\/label><\/div><div class=\"quform-inner quform-inner-captcha quform-inner-2_20\"><div class=\"quform-input quform-input-captcha quform-input-2_20 quform-cf\"><input type=\"text\" id=\"quform_2_20_d2a5e0\" name=\"quform_2_20\" class=\"quform-field quform-field-captcha quform-field-2_20\" \/><\/div><div class=\"quform-captcha quform-cf\"><div class=\"quform-captcha-image quform-captcha-image-2_20\"><img decoding=\"async\" class=\"quform-captcha-image-img\" src=\"data:image\/png;base64,iVBORw0KGgoAAAANSUhEUgAAAOYAAABQBAMAAAD\/1xTgAAAAG1BMVEX\/\/\/8iIiLj4+OsrKyQkJA9PT10dHTHx8dZWVmz9+nbAAAACXBIWXMAAA7EAAAOxAGVKw4bAAADj0lEQVRoge1YPVvbMBAWsmNn5ErcenSAFsaa8DXiEkpGTGnLiFsIjA08MOMWKD+7+nIsWY7ylMdo8g1JLFt6daf3vTsHodZaa6211qwb3hxuWIZ0UwD4YRXSp5AQWMWMgdlHi5A+h4Qzi5hdgneS2MXsAyzRj18WMWMK548\/WYREJKw24ZgRP9HKoV3MCUBu9zTRWtKsUtzn8Xg4HOwYnFhvWp0iw0AQzXwkE480FttiQYMXLNfCaXNKSQvMI\/O2lhpDRAjgz2A4HKewOPORD1\/P6zHvHuF0BPf\/C4kB9uh3H96Yd\/ZWH9ziAaqZePFkqu++KFAdeGfCzGtqpwezMGkZ+jabcY6go2fGrEt+2UxMhw7fiwv3Z6TfZkOuObaxrhTiTHiNt2pjm0qcTCCsMN4lDuCbwTUaGXuAvjh2yTwur7wOE++W2iNJk7slzQxW6a5OTIj0uDV6drnrcW2A3LKPoUnnZnyozuT23YjZ1fUrMDXC42V+MxLX\/gFbX3KqU2Ca+ytXPzYS22O2gCpsEtVwAy1IPMd8\/d\/TgQVyFZ5fkU8jb309KVBBEErizwq5btn6fyeSnl2OGU4HCDl6EUKrc5pXstdedYwWuOBBFb8jgpZKWyRx7g0yiYQdCCP6Hc8JbirtU11fYd9kelTlUbDeDaclIRwB5c0pj5meFCLniq1+rGwNLtGqLE\/qTg+p\/Mb8yzcVFjalIjL0nu5+81E+KHp0NKbrSmnMKcsO0hLTeRYvPnMwSYAGoy\/ySMIVq2ymI04tl0+K4mPZ82nynoO5wMIYSSMC05OXn4jVJtKjPuuNJTE6RcuBjZh4O9U0HPMJrjyaCXb3JRV4jAlZSWSv2Lxj5FDRNMlSFBJU3iiK5BtL8uyw33gnkjB74o5JKzmHVOo2id\/JdUXYRbcheUWeq2QTt3Av13ipYYb7yhOF7\/KShQhLkt5EiZaQyVI0NLc1eUZd\/6HabSQF5p6MuShWFeTwIUi1ikR3+zS8MPZ9ZOpA7zQSCLSCJM7Tn5KDla2zyswiQZp66nqbwBFh86ny5pTwQJdc5vn9sjL1xS8GXqD73udbl6rnrqZrandUekEzTXqXl8lY4vJKVoNJ2qH9HW3wZUaqBxwu7yo5mDillaRGrahligj8131x5f9dzWk6mjbRiATnkUVQ56LaJ9iwNdr82I0uMX9k20+Gum31T5bWWmuttdZaa62117F\/mzWOXZukGq8AAAAASUVORK5CYII=\" alt=\"CAPTCHA Resmi\" data-element-id=\"20\" width=\"115\" height=\"40\" \/><\/div><\/div><p class=\"quform-description quform-description-below\">Bu spam \u00f6nlememize yard\u0131mc\u0131 olur, te\u015fekk\u00fcrler.<\/p><\/div><\/div><\/div><div class=\"quform-element quform-element-submit quform-element-2_2 quform-cf quform-button-style-theme quform-button-width-small\"><div class=\"quform-button-submit quform-button-submit-default quform-button-submit-2_2 quform-button-icon-right\"><button name=\"quform_submit\" type=\"submit\" class=\"quform-submit\" value=\"submit\"><span class=\"quform-button-text quform-button-submit-text\">G\u00f6nder<\/span><span class=\"quform-button-icon quform-button-submit-icon\"><i class=\"qicon-send\"><\/i><\/span><\/button><\/div><div class=\"quform-loading quform-loading-position-left quform-loading-type-spinner-1\"><div class=\"quform-loading-inner\"><div class=\"quform-loading-spinner\"><div class=\"quform-loading-spinner-inner\"><\/div><\/div><\/div><\/div><\/div><\/div><\/div><\/div><\/div><\/form><\/div><\/div>\n\t\t\t\t\t\t<\/div>\n\t\t\t\t<\/div>\n\t\t\t\t<\/div>\n\t\t\t\t<\/div>\n\t\t\t\t<\/div>\n\t\t\t\t\t<\/div>\n\t\t\t\t<\/div>\n\t\t\t\t<\/div>\n\t\t","protected":false},"excerpt":{"rendered":"<p>Projenizi Birlikte Hayata Ge\u00e7irelim Akl\u0131n\u0131zda yeni bir web sitesi fikri, sosyal medya hedefleri veya yapay zeka projeleri mi var? Sorular\u0131n\u0131z\u0131 yan\u0131tlamak ve size \u00f6zel \u00e7\u00f6z\u00fcmler sunmak i\u00e7in buraday\u0131z. Bize mesaj g\u00f6nderin<\/p>\n","protected":false},"author":1,"featured_media":0,"parent":0,"menu_order":0,"comment_status":"closed","ping_status":"closed","template":"","meta":{"site-sidebar-layout":"no-sidebar","site-content-layout":"page-builder","ast-site-content-layout":"default","site-content-style":"default","site-sidebar-style":"default","ast-global-header-display":"","ast-banner-title-visibility":"","ast-main-header-display":"","ast-hfb-above-header-display":"","ast-hfb-below-header-display":"","ast-hfb-mobile-header-display":"","site-post-title":"disabled","ast-breadcrumbs-content":"","ast-featured-img":"disabled","footer-sml-layout":"","ast-disable-related-posts":"","theme-transparent-header-meta":"enabled","adv-header-id-meta":"","stick-header-meta":"","header-above-stick-meta":"","header-main-stick-meta":"","header-below-stick-meta":"","astra-migrate-meta-layouts":"default","ast-page-background-enabled":"default","ast-page-background-meta":{"desktop":{"background-color":"","background-image":"","background-repeat":"repeat","background-position":"center center","background-size":"auto","background-attachment":"scroll","background-type":"","background-media":"","overlay-type":"","overlay-color":"","overlay-opacity":"","overlay-gradient":""},"tablet":{"background-color":"","background-image":"","background-repeat":"repeat","background-position":"center center","background-size":"auto","background-attachment":"scroll","background-type":"","background-media":"","overlay-type":"","overlay-color":"","overlay-opacity":"","overlay-gradient":""},"mobile":{"background-color":"","background-image":"","background-repeat":"repeat","background-position":"center center","background-size":"auto","background-attachment":"scroll","background-type":"","background-media":"","overlay-type":"","overlay-color":"","overlay-opacity":"","overlay-gradient":""}},"ast-content-background-meta":{"desktop":{"background-color":"var(--ast-global-color-5)","background-image":"","background-repeat":"repeat","background-position":"center center","background-size":"auto","background-attachment":"scroll","background-type":"","background-media":"","overlay-type":"","overlay-color":"","overlay-opacity":"","overlay-gradient":""},"tablet":{"background-color":"var(--ast-global-color-5)","background-image":"","background-repeat":"repeat","background-position":"center center","background-size":"auto","background-attachment":"scroll","background-type":"","background-media":"","overlay-type":"","overlay-color":"","overlay-opacity":"","overlay-gradient":""},"mobile":{"background-color":"var(--ast-global-color-5)","background-image":"","background-repeat":"repeat","background-position":"center center","background-size":"auto","background-attachment":"scroll","background-type":"","background-media":"","overlay-type":"","overlay-color":"","overlay-opacity":"","overlay-gradient":""}},"footnotes":""},"class_list":["post-164","page","type-page","status-publish","hentry"],"jetpack_sharing_enabled":true,"jetpack_shortlink":"https:\/\/wp.me\/PgVf7x-2E","_links":{"self":[{"href":"https:\/\/talyaweb.com\/tr\/wp-json\/wp\/v2\/pages\/164","targetHints":{"allow":["GET"]}}],"collection":[{"href":"https:\/\/talyaweb.com\/tr\/wp-json\/wp\/v2\/pages"}],"about":[{"href":"https:\/\/talyaweb.com\/tr\/wp-json\/wp\/v2\/types\/page"}],"author":[{"embeddable":true,"href":"https:\/\/talyaweb.com\/tr\/wp-json\/wp\/v2\/users\/1"}],"replies":[{"embeddable":true,"href":"https:\/\/talyaweb.com\/tr\/wp-json\/wp\/v2\/comments?post=164"}],"version-history":[{"count":7,"href":"https:\/\/talyaweb.com\/tr\/wp-json\/wp\/v2\/pages\/164\/revisions"}],"predecessor-version":[{"id":5299,"href":"https:\/\/talyaweb.com\/tr\/wp-json\/wp\/v2\/pages\/164\/revisions\/5299"}],"wp:attachment":[{"href":"https:\/\/talyaweb.com\/tr\/wp-json\/wp\/v2\/media?parent=164"}],"curies":[{"name":"wp","href":"https:\/\/api.w.org\/{rel}","templated":true}]}}